{"id":33,"date":"2020-07-15T09:57:56","date_gmt":"2020-07-15T07:57:56","guid":{"rendered":"https:\/\/sole.promoservicebeta.com\/?page_id=33"},"modified":"2026-02-26T18:18:03","modified_gmt":"2026-02-26T17:18:03","slug":"viaggiare-sicuri","status":"publish","type":"page","link":"https:\/\/www.casamassarotodeschini.it\/it\/viaggiare-sicuri\/","title":{"rendered":"Viaggiare sicuri"},"content":{"rendered":"<div  class=\"grids-section grids-is-advanced alignwide\" style=\"--_gs-gap-desktop:0px 0px;--_gs-m-desktop:0 0 0 0;--_gs-p-desktop:0 0 0 0;--_gs-bg-desktop:transparent none;--_gs-bg-xp-desktop:0px;--_gs-zi-desktop:auto;--_gs-d-desktop:block;--_gs-mw-desktop:calc(100% - 0 - 0);--_gs-gap-tablet:0px 0px;--_gs-m-tablet:0 0 0 0;--_gs-p-tablet:0 0 0 0;--_gs-bg-tablet:transparent none;--_gs-bg-xp-tablet:0px;--_gs-zi-tablet:auto;--_gs-d-tablet:block;--_gs-mw-tablet:calc(100% - 0 - 0);--_gs-gap-mobile:0px 0px;--_gs-m-mobile:0 0 0 0;--_gs-p-mobile:0 0 0 0;--_gs-bg-mobile:transparent none;--_gs-bg-xp-mobile:0px;--_gs-zi-mobile:auto;--_gs-d-mobile:block;--_gs-mw-mobile:calc(100% - 0 - 0);--_gs-columns:12;--_gs-rows:6\"><div class=\"grids-s-w_i\">\n<div class=\"grids-area\" style=\"--_ga-column:1\/13;--_ga-row:1\/2;--_ga-m-desktop:0 0 0 0;--_ga-p-desktop:0 0 0 0;--_ga-bg-desktop:transparent none;--_ga-zi-desktop:auto;--_ga-d-desktop:flex;--_ga-mw-desktop:calc(100% - 0 - 0);--_ga-m-tablet:0 0 0 0;--_ga-p-tablet:0 0 0 0;--_ga-bg-tablet:transparent none;--_ga-zi-tablet:auto;--_ga-d-tablet:flex;--_ga-mw-tablet:calc(100% - 0 - 0);--_ga-m-mobile:0 0 0 0;--_ga-p-mobile:0 0 0 0;--_ga-bg-mobile:transparent none;--_ga-zi-mobile:auto;--_ga-d-mobile:flex;--_ga-mw-mobile:calc(100% - 0 - 0)\">\n\n<h2 class=\"wp-block-heading\">Casa Massaro Todeschini \u00e8 sicura!<\/h2>\n\n\n\n<div style=\"height:40px\" aria-hidden=\"true\" class=\"wp-block-spacer\"><\/div>\n\n\n\n<p>Il nostro obiettivo principale \u00e8 la <strong>salute<\/strong> ed il <strong>benessere<\/strong> dei nostri ospiti e del nostro staff. <\/p>\n\n\n\n<p>La nostra <strong>linea eco green<\/strong> e la nostra attenzione alla tua salute e sicurezza renderanno sicuro e confortevole ogni tuo soggiorno.<\/p>\n\n\n\n<p>In ottemperanza con le linee guida dell\u2019OMS <strong>le nostre procedure di pulizia e sanificazione quotidiana<\/strong> prevedono:<\/p>\n\n\n\n<ul class=\"wp-block-list\">\n<li>Suite e biancheria vengono pulite con particolare attenzione e cura attraverso detergenti a presidio medico chirurgico secondo le indicazioni dell\u2019OMS.<\/li>\n<\/ul>\n\n\n\n<ul class=\"wp-block-list\">\n<li>Le nostre cameriere usano panni per la pulizia puliti e sanificati, dedicati solo alla suite di ogni ospite.<\/li>\n<\/ul>\n\n\n\n<ul class=\"wp-block-list\">\n<li>Il check-in pu\u00f2 essere effettuato completamente on-line, prima dell\u2019arrivo alla struttura. Dopo la prenotazione riceverai una mail con tutte le indicazioni necessarie.&nbsp;<\/li>\n\n\n\n<li>Il check-out pu\u00f2 essere fatto anch\u2019esso on-line seguendo le modalit\u00e0 e i termini indicati al momento della prenotazione.&nbsp;<\/li>\n<\/ul>\n\n\n\n<ul class=\"wp-block-list\">\n<li>Abano Terme, come tutto il Veneto \u00e8 una citt\u00e0 sicura. La Regione Veneto \u00e8 riconosciuta a livello internazionale per la gestione dell\u2019emergenza di alto livello.&nbsp;<\/li>\n<\/ul>\n\n\n\n<ul class=\"wp-block-list\">\n<li>Restiamo a disposizione qualora dovessi aver bisogno del kit medico.<\/li>\n<\/ul>\n\n\n\n<p><em>Ti aspettiamo presto!<\/em><\/p>\n\n\n\n<figure class=\"wp-block-gallery has-nested-images columns-default is-cropped wp-block-gallery-2 is-layout-flex wp-block-gallery-is-layout-flex\"><\/figure>\n\n<\/div>\n<\/div><\/div>\n\n\n\n","protected":false},"excerpt":{"rendered":"","protected":false},"author":2,"featured_media":6004,"parent":0,"menu_order":0,"comment_status":"closed","ping_status":"closed","template":"","meta":{"_acf_changed":false,"advgb_blocks_editor_width":"","advgb_blocks_columns_visual_guide":"","footnotes":""},"class_list":["post-33","page","type-page","status-publish","has-post-thumbnail","hentry"],"acf":[],"yoast_head":"<!-- This site is optimized with the Yoast SEO plugin v26.0 - https:\/\/yoast.com\/wordpress\/plugins\/seo\/ -->\n<title>Viaggiare sicuri - Casa Massaro Todeschini - Abano Terme<\/title>\n<meta name=\"description\" content=\"La nostra linea eco green e l&#039;attenzione alla tua salute e sicurezza renderanno sicuro e confortevole il tuo soggiorno.\" \/>\n<meta name=\"robots\" content=\"index, follow, max-snippet:-1, max-image-preview:large, max-video-preview:-1\" \/>\n<link rel=\"canonical\" href=\"https:\/\/www.casamassarotodeschini.it\/it\/viaggiare-sicuri\/\" \/>\n<meta property=\"og:locale\" content=\"it_IT\" \/>\n<meta property=\"og:type\" content=\"article\" \/>\n<meta property=\"og:title\" content=\"Viaggiare sicuri - Casa Massaro Todeschini - Abano Terme\" \/>\n<meta property=\"og:description\" content=\"La nostra linea eco green e l&#039;attenzione alla tua salute e sicurezza renderanno sicuro e confortevole il tuo soggiorno.\" \/>\n<meta property=\"og:url\" content=\"https:\/\/www.casamassarotodeschini.it\/it\/viaggiare-sicuri\/\" \/>\n<meta property=\"og:site_name\" content=\"Casa Massaro Todeschini\" \/>\n<meta property=\"article:modified_time\" content=\"2026-02-26T17:18:03+00:00\" \/>\n<meta property=\"og:image\" content=\"https:\/\/www.casamassarotodeschini.it\/wp-content\/uploads\/2026\/02\/2-scaled.webp\" \/>\n\t<meta property=\"og:image:width\" content=\"2560\" \/>\n\t<meta property=\"og:image:height\" content=\"974\" \/>\n\t<meta property=\"og:image:type\" content=\"image\/webp\" \/>\n<meta name=\"twitter:card\" content=\"summary_large_image\" \/>\n<meta name=\"twitter:label1\" content=\"Tempo di lettura stimato\" \/>\n\t<meta name=\"twitter:data1\" content=\"2 minuti\" \/>\n<script type=\"application\/ld+json\" class=\"yoast-schema-graph\">{\"@context\":\"https:\/\/schema.org\",\"@graph\":[{\"@type\":\"WebPage\",\"@id\":\"https:\/\/www.casamassarotodeschini.it\/it\/viaggiare-sicuri\/\",\"url\":\"https:\/\/www.casamassarotodeschini.it\/it\/viaggiare-sicuri\/\",\"name\":\"Viaggiare sicuri - Casa Massaro Todeschini - Abano Terme\",\"isPartOf\":{\"@id\":\"https:\/\/www.casamassarotodeschini.it\/it\/#website\"},\"primaryImageOfPage\":{\"@id\":\"https:\/\/www.casamassarotodeschini.it\/it\/viaggiare-sicuri\/#primaryimage\"},\"image\":{\"@id\":\"https:\/\/www.casamassarotodeschini.it\/it\/viaggiare-sicuri\/#primaryimage\"},\"thumbnailUrl\":\"https:\/\/www.casamassarotodeschini.it\/wp-content\/uploads\/2026\/02\/2-scaled.webp\",\"datePublished\":\"2020-07-15T07:57:56+00:00\",\"dateModified\":\"2026-02-26T17:18:03+00:00\",\"description\":\"La nostra linea eco green e l'attenzione alla tua salute e sicurezza renderanno sicuro e confortevole il tuo soggiorno.\",\"breadcrumb\":{\"@id\":\"https:\/\/www.casamassarotodeschini.it\/it\/viaggiare-sicuri\/#breadcrumb\"},\"inLanguage\":\"it-IT\",\"potentialAction\":[{\"@type\":\"ReadAction\",\"target\":[\"https:\/\/www.casamassarotodeschini.it\/it\/viaggiare-sicuri\/\"]}]},{\"@type\":\"ImageObject\",\"inLanguage\":\"it-IT\",\"@id\":\"https:\/\/www.casamassarotodeschini.it\/it\/viaggiare-sicuri\/#primaryimage\",\"url\":\"https:\/\/www.casamassarotodeschini.it\/wp-content\/uploads\/2026\/02\/2-scaled.webp\",\"contentUrl\":\"https:\/\/www.casamassarotodeschini.it\/wp-content\/uploads\/2026\/02\/2-scaled.webp\",\"width\":2560,\"height\":974},{\"@type\":\"BreadcrumbList\",\"@id\":\"https:\/\/www.casamassarotodeschini.it\/it\/viaggiare-sicuri\/#breadcrumb\",\"itemListElement\":[{\"@type\":\"ListItem\",\"position\":1,\"name\":\"Home\",\"item\":\"https:\/\/www.casamassarotodeschini.it\/it\/\"},{\"@type\":\"ListItem\",\"position\":2,\"name\":\"Viaggiare sicuri\"}]},{\"@type\":\"WebSite\",\"@id\":\"https:\/\/www.casamassarotodeschini.it\/it\/#website\",\"url\":\"https:\/\/www.casamassarotodeschini.it\/it\/\",\"name\":\"Casa Massaro Todeschini\",\"description\":\"Abano Terme\",\"publisher\":{\"@id\":\"https:\/\/www.casamassarotodeschini.it\/it\/#organization\"},\"potentialAction\":[{\"@type\":\"SearchAction\",\"target\":{\"@type\":\"EntryPoint\",\"urlTemplate\":\"https:\/\/www.casamassarotodeschini.it\/it\/?s={search_term_string}\"},\"query-input\":{\"@type\":\"PropertyValueSpecification\",\"valueRequired\":true,\"valueName\":\"search_term_string\"}}],\"inLanguage\":\"it-IT\"},{\"@type\":\"Organization\",\"@id\":\"https:\/\/www.casamassarotodeschini.it\/it\/#organization\",\"name\":\"Casa Massaro Todeschini\",\"url\":\"https:\/\/www.casamassarotodeschini.it\/it\/\",\"logo\":{\"@type\":\"ImageObject\",\"inLanguage\":\"it-IT\",\"@id\":\"https:\/\/www.casamassarotodeschini.it\/it\/#\/schema\/logo\/image\/\",\"url\":\"https:\/\/www.casamassarotodeschini.it\/wp-content\/uploads\/2020\/09\/Ca-Massaro-Todeschini-Logo.jpg\",\"contentUrl\":\"https:\/\/www.casamassarotodeschini.it\/wp-content\/uploads\/2020\/09\/Ca-Massaro-Todeschini-Logo.jpg\",\"width\":400,\"height\":349,\"caption\":\"Casa Massaro Todeschini\"},\"image\":{\"@id\":\"https:\/\/www.casamassarotodeschini.it\/it\/#\/schema\/logo\/image\/\"}}]}<\/script>\n<!-- \/ Yoast SEO plugin. -->","yoast_head_json":{"title":"Viaggiare sicuri - Casa Massaro Todeschini - Abano Terme","description":"La nostra linea eco green e l'attenzione alla tua salute e sicurezza renderanno sicuro e confortevole il tuo soggiorno.","robots":{"index":"index","follow":"follow","max-snippet":"max-snippet:-1","max-image-preview":"max-image-preview:large","max-video-preview":"max-video-preview:-1"},"canonical":"https:\/\/www.casamassarotodeschini.it\/it\/viaggiare-sicuri\/","og_locale":"it_IT","og_type":"article","og_title":"Viaggiare sicuri - Casa Massaro Todeschini - Abano Terme","og_description":"La nostra linea eco green e l'attenzione alla tua salute e sicurezza renderanno sicuro e confortevole il tuo soggiorno.","og_url":"https:\/\/www.casamassarotodeschini.it\/it\/viaggiare-sicuri\/","og_site_name":"Casa Massaro Todeschini","article_modified_time":"2026-02-26T17:18:03+00:00","og_image":[{"width":2560,"height":974,"url":"https:\/\/www.casamassarotodeschini.it\/wp-content\/uploads\/2026\/02\/2-scaled.webp","type":"image\/webp"}],"twitter_card":"summary_large_image","twitter_misc":{"Tempo di lettura stimato":"2 minuti"},"schema":{"@context":"https:\/\/schema.org","@graph":[{"@type":"WebPage","@id":"https:\/\/www.casamassarotodeschini.it\/it\/viaggiare-sicuri\/","url":"https:\/\/www.casamassarotodeschini.it\/it\/viaggiare-sicuri\/","name":"Viaggiare sicuri - Casa Massaro Todeschini - Abano Terme","isPartOf":{"@id":"https:\/\/www.casamassarotodeschini.it\/it\/#website"},"primaryImageOfPage":{"@id":"https:\/\/www.casamassarotodeschini.it\/it\/viaggiare-sicuri\/#primaryimage"},"image":{"@id":"https:\/\/www.casamassarotodeschini.it\/it\/viaggiare-sicuri\/#primaryimage"},"thumbnailUrl":"https:\/\/www.casamassarotodeschini.it\/wp-content\/uploads\/2026\/02\/2-scaled.webp","datePublished":"2020-07-15T07:57:56+00:00","dateModified":"2026-02-26T17:18:03+00:00","description":"La nostra linea eco green e l'attenzione alla tua salute e sicurezza renderanno sicuro e confortevole il tuo soggiorno.","breadcrumb":{"@id":"https:\/\/www.casamassarotodeschini.it\/it\/viaggiare-sicuri\/#breadcrumb"},"inLanguage":"it-IT","potentialAction":[{"@type":"ReadAction","target":["https:\/\/www.casamassarotodeschini.it\/it\/viaggiare-sicuri\/"]}]},{"@type":"ImageObject","inLanguage":"it-IT","@id":"https:\/\/www.casamassarotodeschini.it\/it\/viaggiare-sicuri\/#primaryimage","url":"https:\/\/www.casamassarotodeschini.it\/wp-content\/uploads\/2026\/02\/2-scaled.webp","contentUrl":"https:\/\/www.casamassarotodeschini.it\/wp-content\/uploads\/2026\/02\/2-scaled.webp","width":2560,"height":974},{"@type":"BreadcrumbList","@id":"https:\/\/www.casamassarotodeschini.it\/it\/viaggiare-sicuri\/#breadcrumb","itemListElement":[{"@type":"ListItem","position":1,"name":"Home","item":"https:\/\/www.casamassarotodeschini.it\/it\/"},{"@type":"ListItem","position":2,"name":"Viaggiare sicuri"}]},{"@type":"WebSite","@id":"https:\/\/www.casamassarotodeschini.it\/it\/#website","url":"https:\/\/www.casamassarotodeschini.it\/it\/","name":"Casa Massaro Todeschini","description":"Abano Terme","publisher":{"@id":"https:\/\/www.casamassarotodeschini.it\/it\/#organization"},"potentialAction":[{"@type":"SearchAction","target":{"@type":"EntryPoint","urlTemplate":"https:\/\/www.casamassarotodeschini.it\/it\/?s={search_term_string}"},"query-input":{"@type":"PropertyValueSpecification","valueRequired":true,"valueName":"search_term_string"}}],"inLanguage":"it-IT"},{"@type":"Organization","@id":"https:\/\/www.casamassarotodeschini.it\/it\/#organization","name":"Casa Massaro Todeschini","url":"https:\/\/www.casamassarotodeschini.it\/it\/","logo":{"@type":"ImageObject","inLanguage":"it-IT","@id":"https:\/\/www.casamassarotodeschini.it\/it\/#\/schema\/logo\/image\/","url":"https:\/\/www.casamassarotodeschini.it\/wp-content\/uploads\/2020\/09\/Ca-Massaro-Todeschini-Logo.jpg","contentUrl":"https:\/\/www.casamassarotodeschini.it\/wp-content\/uploads\/2020\/09\/Ca-Massaro-Todeschini-Logo.jpg","width":400,"height":349,"caption":"Casa Massaro Todeschini"},"image":{"@id":"https:\/\/www.casamassarotodeschini.it\/it\/#\/schema\/logo\/image\/"}}]}},"coauthors":[],"author_meta":{"author_link":"https:\/\/www.casamassarotodeschini.it\/it\/author\/pr0moserv\/","display_name":"T0deskini"},"relative_dates":{"created":"Pubblicato 6 anni fa","modified":"Aggiornato 2 mesi fa"},"absolute_dates":{"created":"Pubblicato il 15 Luglio 2020","modified":"Aggiornato il 26 Febbraio 2026"},"absolute_dates_time":{"created":"Pubblicato il 15 Luglio 2020 09:57","modified":"Aggiornato il 26 Febbraio 2026 18:18"},"featured_img_caption":"","featured_img":"https:\/\/www.casamassarotodeschini.it\/wp-content\/uploads\/2026\/02\/2-1200x456.webp","series_order":"","_links":{"self":[{"href":"https:\/\/www.casamassarotodeschini.it\/it\/wp-json\/wp\/v2\/pages\/33","targetHints":{"allow":["GET"]}}],"collection":[{"href":"https:\/\/www.casamassarotodeschini.it\/it\/wp-json\/wp\/v2\/pages"}],"about":[{"href":"https:\/\/www.casamassarotodeschini.it\/it\/wp-json\/wp\/v2\/types\/page"}],"author":[{"embeddable":true,"href":"https:\/\/www.casamassarotodeschini.it\/it\/wp-json\/wp\/v2\/users\/2"}],"replies":[{"embeddable":true,"href":"https:\/\/www.casamassarotodeschini.it\/it\/wp-json\/wp\/v2\/comments?post=33"}],"version-history":[{"count":23,"href":"https:\/\/www.casamassarotodeschini.it\/it\/wp-json\/wp\/v2\/pages\/33\/revisions"}],"predecessor-version":[{"id":5999,"href":"https:\/\/www.casamassarotodeschini.it\/it\/wp-json\/wp\/v2\/pages\/33\/revisions\/5999"}],"wp:featuredmedia":[{"embeddable":true,"href":"https:\/\/www.casamassarotodeschini.it\/it\/wp-json\/wp\/v2\/media\/6004"}],"wp:attachment":[{"href":"https:\/\/www.casamassarotodeschini.it\/it\/wp-json\/wp\/v2\/media?parent=33"}],"curies":[{"name":"wp","href":"https:\/\/api.w.org\/{rel}","templated":true}]}}