{"id":670,"date":"2020-07-23T17:46:49","date_gmt":"2020-07-23T15:46:49","guid":{"rendered":"https:\/\/sole.promoservicebeta.com\/?page_id=670"},"modified":"2026-02-25T16:29:56","modified_gmt":"2026-02-25T15:29:56","slug":"servizi-e-confort","status":"publish","type":"page","link":"https:\/\/www.casamassarotodeschini.it\/it\/servizi-e-confort\/","title":{"rendered":"Servizi &#038; comfort"},"content":{"rendered":"<div  class=\"grids-section grids-is-advanced alignwide\" style=\"--_gs-gap-desktop:0px 0px;--_gs-m-desktop:0 0 0 0;--_gs-p-desktop:0 0 0 0;--_gs-bg-desktop:transparent none;--_gs-bg-xp-desktop:0px;--_gs-zi-desktop:1;--_gs-d-desktop:block;--_gs-mw-desktop:calc(100% - 0 - 0);--_gs-gap-tablet:0px 0px;--_gs-m-tablet:0 0 0 0;--_gs-p-tablet:0 0 0 0;--_gs-bg-tablet:transparent none;--_gs-bg-xp-tablet:0px;--_gs-zi-tablet:1;--_gs-d-tablet:block;--_gs-mw-tablet:calc(100% - 0 - 0);--_gs-gap-mobile:0px 0px;--_gs-m-mobile:0 0 0 0;--_gs-p-mobile:0 0 0 0;--_gs-bg-mobile:#ffffff none;--_gs-bg-xp-mobile:0px;--_gs-zi-mobile:1;--_gs-d-mobile:block;--_gs-mw-mobile:calc(100% - 0 - 0);--_gs-columns:12;--_gs-rows:6\"><div class=\"grids-s-w_i\">\n<div class=\"grids-area\" style=\"--_ga-column:1\/7;--_ga-row:1\/2;--_ga-m-desktop:0 0 0 0;--_ga-p-desktop:0 60px 0 0;--_ga-bg-desktop:transparent none;--_ga-zi-desktop:auto;--_ga-d-desktop:flex;--_ga-mw-desktop:calc(100% - 0 - 0);--_ga-m-tablet:0 0 0 0;--_ga-p-tablet:20px 20px 20px 20px;--_ga-bg-tablet:transparent none;--_ga-zi-tablet:auto;--_ga-d-tablet:flex;--_ga-mw-tablet:calc(100% - 0 - 0);--_ga-m-mobile:0 0 0 0;--_ga-p-mobile:20px 20px 20px 20px;--_ga-bg-mobile:transparent none;--_ga-zi-mobile:auto;--_ga-d-mobile:flex;--_ga-mw-mobile:calc(100% - 0 - 0)\">\n\n<h2 class=\"wp-block-heading\">Servizi &amp; comfort<\/h2>\n\n\n\n<h4 class=\"wp-block-heading\"><em>Cosa offriamo?<\/em><\/h4>\n\n\n\n<div style=\"height:40px\" aria-hidden=\"true\" class=\"wp-block-spacer\"><\/div>\n\n\n\n<p class=\"has-text-color\">Casa Massaro Todeschini garantisce un\u2019<strong>esperienza di&nbsp;comfort e di relax<\/strong> per regalarti una vacanza all\u2019insegna del benessere.<\/p>\n\n<\/div>\n\n<div class=\"grids-area box-garage\" style=\"--_ga-column:7\/13;--_ga-row:1\/2;--_ga-m-desktop:0 0 0 0;--_ga-p-desktop:30px 30px 30px 30px;--_ga-bg-desktop:transparent none;--_ga-zi-desktop:auto;--_ga-d-desktop:flex;--_ga-mw-desktop:calc(100% - 0 - 0);--_ga-m-tablet:0 0 0 0;--_ga-p-tablet:20px 20px 20px 20px;--_ga-bg-tablet:transparent none;--_ga-zi-tablet:auto;--_ga-d-tablet:flex;--_ga-mw-tablet:calc(100% - 0 - 0);--_ga-m-mobile:0 0 0 0;--_ga-p-mobile:20px 20px 20px 20px;--_ga-bg-mobile:transparent none;--_ga-zi-mobile:auto;--_ga-d-mobile:flex;--_ga-mw-mobile:calc(100% - 0 - 0)\">\n\n<ul class=\"wp-block-list\">\n<li><span class=\"material-icons\">waves<\/span> Piscina con zona relax a sfioro nell\u2019acqua<br>(aperta da giugno a settembre compresi).<\/li>\n\n\n\n<li><span class=\"material-icons\">beach_access<\/span> Giardino privato con solarium<\/li>\n\n\n\n<li><span class=\"material-icons\">grass<\/span> Giardino invernale<\/li>\n\n\n\n<li><span class=\"material-icons\">wifi<\/span> connessione Wi-Fi in tutta la struttura<\/li>\n\n\n\n<li><span class=\"material-icons\">local_parking<\/span> Parcheggio gratis e garantito<\/li>\n<\/ul>\n\n<\/div>\n<\/div><\/div>\n\n<div  class=\"grids-section sfondo-servizi grids-is-advanced alignfull\" style=\"--_gs-gap-desktop:0px 0px;--_gs-m-desktop:0 0 0 0;--_gs-p-desktop:0 0 0 0;--_gs-bg-desktop:transparent none;--_gs-bg-xp-desktop:0px;--_gs-zi-desktop:auto;--_gs-d-desktop:block;--_gs-mw-desktop:calc(100% - 0 - 0);--_gs-min-height-desktop:280px;--_gs-gap-tablet:0px 0px;--_gs-m-tablet:0 0 0 0;--_gs-p-tablet:0 0 0 0;--_gs-bg-tablet:transparent none;--_gs-bg-xp-tablet:0px;--_gs-zi-tablet:auto;--_gs-d-tablet:block;--_gs-mw-tablet:calc(100% - 0 - 0);--_gs-gap-mobile:0px 0px;--_gs-m-mobile:0 0 0 0;--_gs-p-mobile:0 0 0 0;--_gs-bg-mobile:transparent none;--_gs-bg-xp-mobile:0px;--_gs-zi-mobile:auto;--_gs-d-mobile:block;--_gs-mw-mobile:calc(100% - 0 - 0);--_gs-min-height-mobile:280px;--_gs-columns:12;--_gs-rows:6\"><div class=\"grids-s-w_i\">\n<div class=\"grids-area\" style=\"--_ga-column:1\/13;--_ga-row:1\/4;--_ga-m-desktop:0 0 0 0;--_ga-p-desktop:100px 40px 100px 40px;--_ga-bg-desktop:transparent url(https:\/\/www.casamassarotodeschini.it\/wp-content\/uploads\/2020\/09\/bg_servizi.jpg) no-repeat 50% 50%;--_ga-zi-desktop:auto;--_ga-d-desktop:flex;--_ga-mw-desktop:calc(100% - 0 - 0);--_ga-m-tablet:0 0 0 0;--_ga-p-tablet:40px 40px 40px 40px;--_ga-bg-tablet:transparent url(https:\/\/www.casamassarotodeschini.it\/wp-content\/uploads\/2020\/09\/bg_servizi.jpg) no-repeat 50% 50%;--_ga-zi-tablet:auto;--_ga-d-tablet:flex;--_ga-mw-tablet:calc(100% - 0 - 0);--_ga-m-mobile:0 0 0 0;--_ga-p-mobile:40px 40px 40px 40px;--_ga-bg-mobile:transparent url(https:\/\/www.casamassarotodeschini.it\/wp-content\/uploads\/2020\/09\/bg_servizi-1024x410.jpg) no-repeat 50% 50%;--_ga-zi-mobile:auto;--_ga-d-mobile:flex;--_ga-mw-mobile:calc(100% - 0 - 0)\"><\/div>\n\n<div class=\"grids-area sfondo-servizi\" style=\"--_ga-column:6\/12;--_ga-row:1\/4;--_ga-m-desktop:0 0 0 0;--_ga-p-desktop:40px 40px 40px 40px;--_ga-bg-desktop:transparent none;--_ga-zi-desktop:auto;--_ga-d-desktop:flex;--_ga-mw-desktop:calc(100% - 0 - 0);--_ga-m-tablet:20px 0 20px 0;--_ga-p-tablet:30px 30px 30px 30px;--_ga-bg-tablet:transparent none;--_ga-zi-tablet:auto;--_ga-d-tablet:flex;--_ga-mw-tablet:calc(100% - 0 - 0);--_ga-m-mobile:20px 0 20px 0;--_ga-p-mobile:20px 20px 20px 20px;--_ga-bg-mobile:transparent none;--_ga-zi-mobile:auto;--_ga-d-mobile:flex;--_ga-mw-mobile:calc(100% - 0 - 0)\">\n\n<h2 class=\"wp-block-heading\">Servizi del territorio<\/h2>\n\n\n\n<div style=\"height:20px\" aria-hidden=\"true\" class=\"wp-block-spacer\"><\/div>\n\n\n\n<p>La nostra guest-house gode di una <strong>posizione ottimale&nbsp;per visitare le perle del Veneto<\/strong>, tra le quali citt\u00e0 come Padova, Venezia e Verona.&nbsp;<\/p>\n\n\n\n<p>E ancora i Colli Euganei, suggestiva cornice panoramica di Casa Massaro Todeschini, ma anche ville, abbazie, borghi medievali e cantine che ti faranno gustare le eccellenze enogastronomiche locali.<\/p>\n\n\n\n<div style=\"height:20px\" aria-hidden=\"true\" class=\"wp-block-spacer\"><\/div>\n\n\n\n<ul class=\"wp-block-list\">\n<li><span class=\"material-icons\">tapas<\/span>Escursioni e visite guidate con agenzie del territorio<\/li>\n\n\n\n<li><span class=\"material-icons\">hot_tub<\/span>Ingresso convenzionato per piscina termale e spa ad Abano Terme<\/li>\n\n\n\n<li><span class=\"material-icons\">spa<\/span>Servizi beauty e wellness direttamente in struttura<\/li>\n\n\n\n<li><span class=\"material-icons\">room_service<\/span>Chef a domicilio<\/li>\n\n\n\n<li><span class=\"material-icons\">pedal_bike<\/span>Noleggio biciclette\/e-bike<\/li>\n\n\n\n<li><span class=\"material-icons\">directions_car<\/span>Noleggio auto<\/li>\n\n\n\n<li><span class=\"material-icons\">airport_shuttle<\/span>Transfer da\/e aeroporto e stazione ferroviaria<\/li>\n\n\n\n<li><span class=\"material-icons\">golf_course<\/span>Prenotazioni Golf club&nbsp;<\/li>\n\n\n\n<li><span class=\"material-icons\">cake<\/span>Sorprese di compleanno e feste<\/li>\n<\/ul>\n\n<\/div>\n<\/div><\/div>\n\n<div  class=\"grids-section grids-is-advanced alignfull\" style=\"--_gs-gap-desktop:0px 0px;--_gs-m-desktop:0 0 0 0;--_gs-p-desktop:40px 40px 40px 40px;--_gs-bg-desktop:#f6f3ec none;--_gs-bg-xp-desktop:0px;--_gs-zi-desktop:auto;--_gs-d-desktop:block;--_gs-mw-desktop:calc(100% - 0 - 0);--_gs-gap-tablet:0px 0px;--_gs-m-tablet:0 0 0 0;--_gs-p-tablet:40px 40px 40px 40px;--_gs-bg-tablet:#f6f3ec none;--_gs-bg-xp-tablet:0px;--_gs-zi-tablet:auto;--_gs-d-tablet:block;--_gs-mw-tablet:calc(100% - 0 - 0);--_gs-gap-mobile:0px 0px;--_gs-m-mobile:0 0 0 0;--_gs-p-mobile:40px 40px 40px 40px;--_gs-bg-mobile:#f6f3ec none;--_gs-bg-xp-mobile:0px;--_gs-zi-mobile:auto;--_gs-d-mobile:block;--_gs-mw-mobile:calc(100% - 0 - 0);--_gs-columns:12;--_gs-rows:6\"><div class=\"grids-s-w_i\">\n<div class=\"grids-area servizi_container\" style=\"--_ga-column:2\/5;--_ga-row:1\/2;--_ga-m-desktop:0 15px 0 0;--_ga-p-desktop:0 0 0 0;--_ga-bg-desktop:#ffffff none;--_ga-zi-desktop:auto;--_ga-d-desktop:flex;--_ga-mw-desktop:calc(100% - 0 - 15px);--_ga-m-tablet:0 15px 0 0;--_ga-p-tablet:0 0 0 0;--_ga-bg-tablet:#ffffff none;--_ga-zi-tablet:auto;--_ga-d-tablet:flex;--_ga-mw-tablet:calc(100% - 0 - 15px);--_ga-m-mobile:0 0px 0 0px;--_ga-p-mobile:0 0px 0 0px;--_ga-bg-mobile:#ffffff none;--_ga-zi-mobile:auto;--_ga-d-mobile:flex;--_ga-mw-mobile:calc(100% - 0px - 0px)\">\n\n<figure class=\"wp-block-image alignfull size-large\"><img loading=\"lazy\" decoding=\"async\" width=\"1024\" height=\"683\" src=\"https:\/\/casamassarotodeschini.it\/wp-content\/uploads\/2020\/09\/Soggiorno-Zizolara-4-1024x683.jpg\" alt=\"\" class=\"wp-image-3148\" srcset=\"https:\/\/www.casamassarotodeschini.it\/wp-content\/uploads\/2020\/09\/Soggiorno-Zizolara-4-1024x683.jpg 1024w, https:\/\/www.casamassarotodeschini.it\/wp-content\/uploads\/2020\/09\/Soggiorno-Zizolara-4-300x200.jpg 300w, https:\/\/www.casamassarotodeschini.it\/wp-content\/uploads\/2020\/09\/Soggiorno-Zizolara-4-768x512.jpg 768w, https:\/\/www.casamassarotodeschini.it\/wp-content\/uploads\/2020\/09\/Soggiorno-Zizolara-4-1200x800.jpg 1200w, https:\/\/www.casamassarotodeschini.it\/wp-content\/uploads\/2020\/09\/Soggiorno-Zizolara-4.jpg 1440w\" sizes=\"auto, (max-width: 1024px) 100vw, 1024px\" \/><\/figure>\n\n\n\n<h5 class=\"wp-block-heading\">Scopri le nostre proposte per vivere esperienze indimenticabili!<\/h5>\n\n\n\n<p class=\"text-button preventivo-button ispirare-button\"><a class=\"btn\" href=\"\/esperienze\">LASCIATI ISPIRARE<\/a><\/p>\n\n<\/div>\n\n<div class=\"grids-area servizi_container consigli_cena\" style=\"--_ga-column:5\/8;--_ga-row:1\/2;--_ga-m-desktop:0 0px 0 15px;--_ga-p-desktop:0 0 0 0;--_ga-bg-desktop:#ffffff none;--_ga-zi-desktop:auto;--_ga-d-desktop:flex;--_ga-mw-desktop:calc(100% - 15px - 0px);--_ga-m-tablet:0 0px 0 15px;--_ga-p-tablet:0 0 0 0;--_ga-bg-tablet:#ffffff none;--_ga-zi-tablet:auto;--_ga-d-tablet:flex;--_ga-mw-tablet:calc(100% - 15px - 0px);--_ga-m-mobile:20px 0px 0 0px;--_ga-p-mobile:0 0 0 0px;--_ga-bg-mobile:#ffffff none;--_ga-zi-mobile:auto;--_ga-d-mobile:flex;--_ga-mw-mobile:calc(100% - 0px - 0px)\">\n\n<figure class=\"wp-block-image alignfull size-large\"><img loading=\"lazy\" decoding=\"async\" width=\"1024\" height=\"683\" src=\"https:\/\/casamassarotodeschini.it\/wp-content\/uploads\/2020\/09\/Bagno-Persego-4-1024x683.jpg\" alt=\"\" class=\"wp-image-3239\" srcset=\"https:\/\/www.casamassarotodeschini.it\/wp-content\/uploads\/2020\/09\/Bagno-Persego-4-1024x683.jpg 1024w, https:\/\/www.casamassarotodeschini.it\/wp-content\/uploads\/2020\/09\/Bagno-Persego-4-300x200.jpg 300w, https:\/\/www.casamassarotodeschini.it\/wp-content\/uploads\/2020\/09\/Bagno-Persego-4-768x512.jpg 768w, https:\/\/www.casamassarotodeschini.it\/wp-content\/uploads\/2020\/09\/Bagno-Persego-4-1200x800.jpg 1200w, https:\/\/www.casamassarotodeschini.it\/wp-content\/uploads\/2020\/09\/Bagno-Persego-4.jpg 1440w\" sizes=\"auto, (max-width: 1024px) 100vw, 1024px\" \/><\/figure>\n\n\n\n<h5 class=\"wp-block-heading\">Consigli per cena? Lasciati tentare dalle nostre proposte locali e internazionali.<\/h5>\n\n\n\n<p class=\"text-button preventivo-button ispirare-button\"><a class=\"btn\" href=\"\/a-tavola\">LASCIATI ISPIRARE<\/a><\/p>\n\n<\/div>\n\n<div class=\"grids-area\" style=\"--_ga-column:8\/12;--_ga-row:1\/2;--_ga-m-desktop:0 0 0 30px;--_ga-p-desktop:0 0 0 0;--_ga-bg-desktop:transparent none;--_ga-zi-desktop:auto;--_ga-d-desktop:flex;--_ga-mw-desktop:calc(100% - 30px - 0);--_ga-m-tablet:0 0 0 30px;--_ga-p-tablet:0 0 0 0;--_ga-bg-tablet:transparent none;--_ga-zi-tablet:auto;--_ga-d-tablet:flex;--_ga-mw-tablet:calc(100% - 30px - 0);--_ga-m-mobile:20px 0px 0 0px;--_ga-p-mobile:0 0 0 0;--_ga-bg-mobile:transparent none;--_ga-zi-mobile:auto;--_ga-d-mobile:flex;--_ga-mw-mobile:calc(100% - 0px - 0px)\">\n\n<p>Per ogni informazione <strong>restiamo a disposizione<\/strong> per accogliere le tue richieste e fornirti tutte le indicazioni di cui hai bisogno.<\/p>\n\n\n\n<p>Siamo a tua disposizione al numero<br><a href=\"tel:+393517756591\">+39 351 775 6591<\/a><\/p>\n\n\n\n<p>oppure scrivi a<br><a href=\"mailto:info@casamassarotodeschini.it\">info@casamassarotodeschini.it<\/a><\/p>\n\n\n\n<p>Nella pagina <a href=\"\/it\/chi-siamo\/\">chi siamo<\/a> potrai trovare tutte le specialit\u00e0 che contraddistinguono lo staff di Casa Massaro Todeschini!<\/p>\n\n<\/div>\n<\/div><\/div>\n\n\n<p><strong>Regolamento &#8220;Piscina<\/strong> <strong>del Massaro&#8221;<\/strong><\/p>\n\n\n\n<div class=\"wp-block-group is-vertical is-layout-flex wp-container-core-group-is-layout-8cf370e7 wp-block-group-is-layout-flex\">\n<p>Il nostro obiettivo \u00e8 quello di regalare ai nostri gentili ospiti un ambiente dove potersi rilassare in tutta sicurezza.<\/p>\n\n\n\n<p>La piscina \u00e8 ad uso esclusivo degli ospiti di Casa Massaro Todeschini.<\/p>\n\n\n\n<p><strong>Apertura giornaliera dalle ore 8:00 alle ore 22:00<\/strong>.<\/p>\n\n\n\n<p>La piscina non \u00e8 sorvegliata e la profondit\u00e0 massima \u00e8 di 1.40 m.<\/p>\n<\/div>\n\n\n\n<p><strong>Per garantire la vostra sicurezza:<\/strong><\/p>\n\n\n\n<ul class=\"wp-block-list\">\n<li>prima di accedere alla piscina \u00e8 obbligatorio l&#8217;uso della doccia esterna;<\/li>\n\n\n\n<li>\u00e8 vietato correre nell&#8217;area pavimentata circostante;<\/li>\n\n\n\n<li>\u00e8 proibito portare in acqua o in prossimit\u00e0 della vasca oggetti di vetro  (bottiglie, bicchieri);<\/li>\n\n\n\n<li>i bambini sotto i 12 anni devono essere accompagnati da un adulto che se ne assume la responsabilit\u00e0;<\/li>\n\n\n\n<li>\u00e8 vietato l&#8217;ingresso in piscina agli animali.<\/li>\n<\/ul>\n\n\n\n\n\n\n\n\n","protected":false},"excerpt":{"rendered":"<p>Regolamento &#8220;Piscina del Massaro&#8221; Il nostro obiettivo \u00e8 quello di regalare ai nostri gentili ospiti un ambiente dove potersi rilassare in tutta sicurezza. La piscina \u00e8 ad uso esclusivo degli ospiti di Casa Massaro Todeschini. Apertura giornaliera dalle ore 8:00 alle ore 22:00. La piscina non \u00e8 sorvegliata e la profondit\u00e0 massima \u00e8 di 1.40 [&hellip;]<\/p>\n","protected":false},"author":2,"featured_media":3355,"parent":0,"menu_order":0,"comment_status":"closed","ping_status":"closed","template":"templates\/template-full-width.php","meta":{"_acf_changed":false,"advgb_blocks_editor_width":"","advgb_blocks_columns_visual_guide":"","footnotes":""},"class_list":["post-670","page","type-page","status-publish","has-post-thumbnail","hentry"],"acf":[],"yoast_head":"<!-- This site is optimized with the Yoast SEO plugin v26.0 - https:\/\/yoast.com\/wordpress\/plugins\/seo\/ -->\n<title>Servizi &amp; comfort - Casa Massaro Todeschini - Abano Terme<\/title>\n<meta name=\"description\" content=\"Casa Massaro Todeschini garantisce un\u2019esperienza di comfort e di relax per regalarti una vacanza all\u2019insegna del benessere.\" \/>\n<meta name=\"robots\" content=\"index, follow, max-snippet:-1, max-image-preview:large, max-video-preview:-1\" \/>\n<link rel=\"canonical\" href=\"https:\/\/www.casamassarotodeschini.it\/it\/servizi-e-confort\/\" \/>\n<meta property=\"og:locale\" content=\"it_IT\" \/>\n<meta property=\"og:type\" content=\"article\" \/>\n<meta property=\"og:title\" content=\"Servizi &amp; comfort - Casa Massaro Todeschini - Abano Terme\" \/>\n<meta property=\"og:description\" content=\"Casa Massaro Todeschini garantisce un\u2019esperienza di comfort e di relax per regalarti una vacanza all\u2019insegna del benessere.\" \/>\n<meta property=\"og:url\" content=\"https:\/\/www.casamassarotodeschini.it\/it\/servizi-e-confort\/\" \/>\n<meta property=\"og:site_name\" content=\"Casa Massaro Todeschini\" \/>\n<meta property=\"article:modified_time\" content=\"2026-02-25T15:29:56+00:00\" \/>\n<meta property=\"og:image\" content=\"https:\/\/www.casamassarotodeschini.it\/wp-content\/uploads\/2020\/09\/banner_viaggiare_sicuri.jpg\" \/>\n\t<meta property=\"og:image:width\" content=\"2000\" \/>\n\t<meta property=\"og:image:height\" content=\"480\" \/>\n\t<meta property=\"og:image:type\" content=\"image\/jpeg\" \/>\n<meta name=\"twitter:card\" content=\"summary_large_image\" \/>\n<meta name=\"twitter:label1\" content=\"Tempo di lettura stimato\" \/>\n\t<meta name=\"twitter:data1\" content=\"3 minuti\" \/>\n<script type=\"application\/ld+json\" class=\"yoast-schema-graph\">{\"@context\":\"https:\/\/schema.org\",\"@graph\":[{\"@type\":\"WebPage\",\"@id\":\"https:\/\/www.casamassarotodeschini.it\/it\/servizi-e-confort\/\",\"url\":\"https:\/\/www.casamassarotodeschini.it\/it\/servizi-e-confort\/\",\"name\":\"Servizi & comfort - Casa Massaro Todeschini - Abano Terme\",\"isPartOf\":{\"@id\":\"https:\/\/www.casamassarotodeschini.it\/it\/#website\"},\"primaryImageOfPage\":{\"@id\":\"https:\/\/www.casamassarotodeschini.it\/it\/servizi-e-confort\/#primaryimage\"},\"image\":{\"@id\":\"https:\/\/www.casamassarotodeschini.it\/it\/servizi-e-confort\/#primaryimage\"},\"thumbnailUrl\":\"https:\/\/www.casamassarotodeschini.it\/wp-content\/uploads\/2020\/09\/banner_viaggiare_sicuri.jpg\",\"datePublished\":\"2020-07-23T15:46:49+00:00\",\"dateModified\":\"2026-02-25T15:29:56+00:00\",\"description\":\"Casa Massaro Todeschini garantisce un\u2019esperienza di comfort e di relax per regalarti una vacanza all\u2019insegna del benessere.\",\"breadcrumb\":{\"@id\":\"https:\/\/www.casamassarotodeschini.it\/it\/servizi-e-confort\/#breadcrumb\"},\"inLanguage\":\"it-IT\",\"potentialAction\":[{\"@type\":\"ReadAction\",\"target\":[\"https:\/\/www.casamassarotodeschini.it\/it\/servizi-e-confort\/\"]}]},{\"@type\":\"ImageObject\",\"inLanguage\":\"it-IT\",\"@id\":\"https:\/\/www.casamassarotodeschini.it\/it\/servizi-e-confort\/#primaryimage\",\"url\":\"https:\/\/www.casamassarotodeschini.it\/wp-content\/uploads\/2020\/09\/banner_viaggiare_sicuri.jpg\",\"contentUrl\":\"https:\/\/www.casamassarotodeschini.it\/wp-content\/uploads\/2020\/09\/banner_viaggiare_sicuri.jpg\",\"width\":2000,\"height\":480},{\"@type\":\"BreadcrumbList\",\"@id\":\"https:\/\/www.casamassarotodeschini.it\/it\/servizi-e-confort\/#breadcrumb\",\"itemListElement\":[{\"@type\":\"ListItem\",\"position\":1,\"name\":\"Home\",\"item\":\"https:\/\/www.casamassarotodeschini.it\/it\/\"},{\"@type\":\"ListItem\",\"position\":2,\"name\":\"Servizi &#038; comfort\"}]},{\"@type\":\"WebSite\",\"@id\":\"https:\/\/www.casamassarotodeschini.it\/it\/#website\",\"url\":\"https:\/\/www.casamassarotodeschini.it\/it\/\",\"name\":\"Casa Massaro Todeschini\",\"description\":\"Abano Terme\",\"publisher\":{\"@id\":\"https:\/\/www.casamassarotodeschini.it\/it\/#organization\"},\"potentialAction\":[{\"@type\":\"SearchAction\",\"target\":{\"@type\":\"EntryPoint\",\"urlTemplate\":\"https:\/\/www.casamassarotodeschini.it\/it\/?s={search_term_string}\"},\"query-input\":{\"@type\":\"PropertyValueSpecification\",\"valueRequired\":true,\"valueName\":\"search_term_string\"}}],\"inLanguage\":\"it-IT\"},{\"@type\":\"Organization\",\"@id\":\"https:\/\/www.casamassarotodeschini.it\/it\/#organization\",\"name\":\"Casa Massaro Todeschini\",\"url\":\"https:\/\/www.casamassarotodeschini.it\/it\/\",\"logo\":{\"@type\":\"ImageObject\",\"inLanguage\":\"it-IT\",\"@id\":\"https:\/\/www.casamassarotodeschini.it\/it\/#\/schema\/logo\/image\/\",\"url\":\"https:\/\/www.casamassarotodeschini.it\/wp-content\/uploads\/2020\/09\/Ca-Massaro-Todeschini-Logo.jpg\",\"contentUrl\":\"https:\/\/www.casamassarotodeschini.it\/wp-content\/uploads\/2020\/09\/Ca-Massaro-Todeschini-Logo.jpg\",\"width\":400,\"height\":349,\"caption\":\"Casa Massaro Todeschini\"},\"image\":{\"@id\":\"https:\/\/www.casamassarotodeschini.it\/it\/#\/schema\/logo\/image\/\"}}]}<\/script>\n<!-- \/ Yoast SEO plugin. -->","yoast_head_json":{"title":"Servizi & comfort - Casa Massaro Todeschini - Abano Terme","description":"Casa Massaro Todeschini garantisce un\u2019esperienza di comfort e di relax per regalarti una vacanza all\u2019insegna del benessere.","robots":{"index":"index","follow":"follow","max-snippet":"max-snippet:-1","max-image-preview":"max-image-preview:large","max-video-preview":"max-video-preview:-1"},"canonical":"https:\/\/www.casamassarotodeschini.it\/it\/servizi-e-confort\/","og_locale":"it_IT","og_type":"article","og_title":"Servizi & comfort - Casa Massaro Todeschini - Abano Terme","og_description":"Casa Massaro Todeschini garantisce un\u2019esperienza di comfort e di relax per regalarti una vacanza all\u2019insegna del benessere.","og_url":"https:\/\/www.casamassarotodeschini.it\/it\/servizi-e-confort\/","og_site_name":"Casa Massaro Todeschini","article_modified_time":"2026-02-25T15:29:56+00:00","og_image":[{"width":2000,"height":480,"url":"https:\/\/www.casamassarotodeschini.it\/wp-content\/uploads\/2020\/09\/banner_viaggiare_sicuri.jpg","type":"image\/jpeg"}],"twitter_card":"summary_large_image","twitter_misc":{"Tempo di lettura stimato":"3 minuti"},"schema":{"@context":"https:\/\/schema.org","@graph":[{"@type":"WebPage","@id":"https:\/\/www.casamassarotodeschini.it\/it\/servizi-e-confort\/","url":"https:\/\/www.casamassarotodeschini.it\/it\/servizi-e-confort\/","name":"Servizi & comfort - Casa Massaro Todeschini - Abano Terme","isPartOf":{"@id":"https:\/\/www.casamassarotodeschini.it\/it\/#website"},"primaryImageOfPage":{"@id":"https:\/\/www.casamassarotodeschini.it\/it\/servizi-e-confort\/#primaryimage"},"image":{"@id":"https:\/\/www.casamassarotodeschini.it\/it\/servizi-e-confort\/#primaryimage"},"thumbnailUrl":"https:\/\/www.casamassarotodeschini.it\/wp-content\/uploads\/2020\/09\/banner_viaggiare_sicuri.jpg","datePublished":"2020-07-23T15:46:49+00:00","dateModified":"2026-02-25T15:29:56+00:00","description":"Casa Massaro Todeschini garantisce un\u2019esperienza di comfort e di relax per regalarti una vacanza all\u2019insegna del benessere.","breadcrumb":{"@id":"https:\/\/www.casamassarotodeschini.it\/it\/servizi-e-confort\/#breadcrumb"},"inLanguage":"it-IT","potentialAction":[{"@type":"ReadAction","target":["https:\/\/www.casamassarotodeschini.it\/it\/servizi-e-confort\/"]}]},{"@type":"ImageObject","inLanguage":"it-IT","@id":"https:\/\/www.casamassarotodeschini.it\/it\/servizi-e-confort\/#primaryimage","url":"https:\/\/www.casamassarotodeschini.it\/wp-content\/uploads\/2020\/09\/banner_viaggiare_sicuri.jpg","contentUrl":"https:\/\/www.casamassarotodeschini.it\/wp-content\/uploads\/2020\/09\/banner_viaggiare_sicuri.jpg","width":2000,"height":480},{"@type":"BreadcrumbList","@id":"https:\/\/www.casamassarotodeschini.it\/it\/servizi-e-confort\/#breadcrumb","itemListElement":[{"@type":"ListItem","position":1,"name":"Home","item":"https:\/\/www.casamassarotodeschini.it\/it\/"},{"@type":"ListItem","position":2,"name":"Servizi &#038; comfort"}]},{"@type":"WebSite","@id":"https:\/\/www.casamassarotodeschini.it\/it\/#website","url":"https:\/\/www.casamassarotodeschini.it\/it\/","name":"Casa Massaro Todeschini","description":"Abano Terme","publisher":{"@id":"https:\/\/www.casamassarotodeschini.it\/it\/#organization"},"potentialAction":[{"@type":"SearchAction","target":{"@type":"EntryPoint","urlTemplate":"https:\/\/www.casamassarotodeschini.it\/it\/?s={search_term_string}"},"query-input":{"@type":"PropertyValueSpecification","valueRequired":true,"valueName":"search_term_string"}}],"inLanguage":"it-IT"},{"@type":"Organization","@id":"https:\/\/www.casamassarotodeschini.it\/it\/#organization","name":"Casa Massaro Todeschini","url":"https:\/\/www.casamassarotodeschini.it\/it\/","logo":{"@type":"ImageObject","inLanguage":"it-IT","@id":"https:\/\/www.casamassarotodeschini.it\/it\/#\/schema\/logo\/image\/","url":"https:\/\/www.casamassarotodeschini.it\/wp-content\/uploads\/2020\/09\/Ca-Massaro-Todeschini-Logo.jpg","contentUrl":"https:\/\/www.casamassarotodeschini.it\/wp-content\/uploads\/2020\/09\/Ca-Massaro-Todeschini-Logo.jpg","width":400,"height":349,"caption":"Casa Massaro Todeschini"},"image":{"@id":"https:\/\/www.casamassarotodeschini.it\/it\/#\/schema\/logo\/image\/"}}]}},"coauthors":[],"author_meta":{"author_link":"https:\/\/www.casamassarotodeschini.it\/it\/author\/pr0moserv\/","display_name":"T0deskini"},"relative_dates":{"created":"Pubblicato 6 anni fa","modified":"Aggiornato 2 mesi fa"},"absolute_dates":{"created":"Pubblicato il 23 Luglio 2020","modified":"Aggiornato il 25 Febbraio 2026"},"absolute_dates_time":{"created":"Pubblicato il 23 Luglio 2020 17:46","modified":"Aggiornato il 25 Febbraio 2026 16:29"},"featured_img_caption":"","featured_img":"https:\/\/www.casamassarotodeschini.it\/wp-content\/uploads\/2020\/09\/banner_viaggiare_sicuri-1200x288.jpg","series_order":"","_links":{"self":[{"href":"https:\/\/www.casamassarotodeschini.it\/it\/wp-json\/wp\/v2\/pages\/670","targetHints":{"allow":["GET"]}}],"collection":[{"href":"https:\/\/www.casamassarotodeschini.it\/it\/wp-json\/wp\/v2\/pages"}],"about":[{"href":"https:\/\/www.casamassarotodeschini.it\/it\/wp-json\/wp\/v2\/types\/page"}],"author":[{"embeddable":true,"href":"https:\/\/www.casamassarotodeschini.it\/it\/wp-json\/wp\/v2\/users\/2"}],"replies":[{"embeddable":true,"href":"https:\/\/www.casamassarotodeschini.it\/it\/wp-json\/wp\/v2\/comments?post=670"}],"version-history":[{"count":1,"href":"https:\/\/www.casamassarotodeschini.it\/it\/wp-json\/wp\/v2\/pages\/670\/revisions"}],"predecessor-version":[{"id":5938,"href":"https:\/\/www.casamassarotodeschini.it\/it\/wp-json\/wp\/v2\/pages\/670\/revisions\/5938"}],"wp:featuredmedia":[{"embeddable":true,"href":"https:\/\/www.casamassarotodeschini.it\/it\/wp-json\/wp\/v2\/media\/3355"}],"wp:attachment":[{"href":"https:\/\/www.casamassarotodeschini.it\/it\/wp-json\/wp\/v2\/media?parent=670"}],"curies":[{"name":"wp","href":"https:\/\/api.w.org\/{rel}","templated":true}]}}