{"id":845,"date":"2022-03-21T11:06:25","date_gmt":"2022-03-21T10:06:25","guid":{"rendered":"https:\/\/sole.promoservicebeta.com\/?page_id=845"},"modified":"2022-03-21T11:06:29","modified_gmt":"2022-03-21T10:06:29","slug":"recensioni","status":"publish","type":"page","link":"https:\/\/www.casamassarotodeschini.it\/it\/recensioni\/","title":{"rendered":"Recensioni"},"content":{"rendered":"<div  class=\"grids-section main-wrapper-reviews grids-is-advanced alignfull\" style=\"--_gs-gap-desktop:0px 0px;--_gs-m-desktop:0 0 0 0;--_gs-p-desktop:0 0 0 0;--_gs-bg-desktop:transparent none;--_gs-bg-xp-desktop:0px;--_gs-zi-desktop:auto;--_gs-d-desktop:block;--_gs-mw-desktop:calc(100% - 0 - 0);--_gs-gap-tablet:0px 0px;--_gs-m-tablet:0 0 0 0;--_gs-p-tablet:0 0 0 0;--_gs-bg-tablet:transparent none;--_gs-bg-xp-tablet:0px;--_gs-zi-tablet:auto;--_gs-d-tablet:block;--_gs-mw-tablet:calc(100% - 0 - 0);--_gs-gap-mobile:0px 0px;--_gs-m-mobile:0 0 0 0;--_gs-p-mobile:0 0 0 0;--_gs-bg-mobile:transparent none;--_gs-bg-xp-mobile:0px;--_gs-zi-mobile:auto;--_gs-d-mobile:block;--_gs-mw-mobile:calc(100% - 0 - 0);--_gs-columns:12;--_gs-rows:6\"><div class=\"grids-s-w_i\">\n<div class=\"grids-area\" style=\"--_ga-column:2\/12;--_ga-row:1\/7;--_ga-m-desktop:0 0 0 0;--_ga-p-desktop:0 0 0 0;--_ga-bg-desktop:transparent none;--_ga-zi-desktop:auto;--_ga-d-desktop:flex;--_ga-mw-desktop:calc(100% - 0 - 0);--_ga-m-tablet:0 0 0 0;--_ga-p-tablet:0 0 0 0;--_ga-bg-tablet:transparent none;--_ga-zi-tablet:auto;--_ga-d-tablet:flex;--_ga-mw-tablet:calc(100% - 0 - 0);--_ga-m-mobile:0 0 0 0;--_ga-p-mobile:0 0 0 0;--_ga-bg-mobile:transparent none;--_ga-zi-mobile:auto;--_ga-d-mobile:flex;--_ga-mw-mobile:calc(100% - 0 - 0)\">\n\n<h2 class=\"wp-block-heading\">Le recensioni dei nostri clienti<\/h2>\n\n\n\t\t<div class=\"reviews-list-container-wrapper\">\n\t\t\t\t\t\t<div class=\"reviews-list-container-single\">\n\t\t\t\t\t<div class=\"review-single-info\">\n\t\t\t\t\t\t<div class=\"review-single-platform\">\n\t\t\t\t\t\t\t<i class=\"fab fa-google\"><\/i>\t\t\t\t\t\t<\/div>\n\t\t\t\t\t\t<div class=\"review-single-name\">\n\t\t\t\t\t\t\tLisette\t\t\t\t\t\t<\/div>\n\t\t\t\t\t\t<div class=\"review-single-rate\">\n\t\t\t\t\t\t\t <i class=\"fas fa-star\"><\/i>  <i class=\"fas fa-star\"><\/i>  <i class=\"fas fa-star\"><\/i>  <i class=\"fas fa-star\"><\/i>  <i class=\"far fa-star\"><\/i> \t\t\t\t\t\t<\/div>\n\t\t\t\t\t<\/div>\n\t\t\t\t\t<div class=\"review-single-content\">\n\t\t\t\t\t\t<!-- wp:paragraph -->\n<p>Warm welcome and a nice pool. Nieuw appartement.<\/p>\n<!-- \/wp:paragraph -->\t\t\t\t\t<\/div>\n\t\t\t\t<\/div>\n\t\t\t\t\t\t\t\t<div class=\"reviews-list-container-single\">\n\t\t\t\t\t<div class=\"review-single-info\">\n\t\t\t\t\t\t<div class=\"review-single-platform\">\n\t\t\t\t\t\t\t<i class=\"fa-solid fa-b\"><\/i>\t\t\t\t\t\t<\/div>\n\t\t\t\t\t\t<div class=\"review-single-name\">\n\t\t\t\t\t\t\tSandra\t\t\t\t\t\t<\/div>\n\t\t\t\t\t\t<div class=\"review-single-rate\">\n\t\t\t\t\t\t\t <i class=\"fas fa-star\"><\/i>  <i class=\"fas fa-star\"><\/i>  <i class=\"fas fa-star\"><\/i>  <i class=\"fas fa-star\"><\/i>  <i class=\"far fa-star\"><\/i> \t\t\t\t\t\t<\/div>\n\t\t\t\t\t<\/div>\n\t\t\t\t\t<div class=\"review-single-content\">\n\t\t\t\t\t\t<!-- wp:paragraph -->\n<p>Super sch\u00f6ne neue Anlage mit toll angelegten Garten und Pool. ruhige Lage. Moderne Ausstattung. Sehr nettes hilfsbereites Personal. Gerne wieder. Auf jeden Fall Erdgeschoss Richtung Pool buchen.<\/p>\n<!-- \/wp:paragraph -->\t\t\t\t\t<\/div>\n\t\t\t\t<\/div>\n\t\t\t\t\t\t\t\t<div class=\"reviews-list-container-single\">\n\t\t\t\t\t<div class=\"review-single-info\">\n\t\t\t\t\t\t<div class=\"review-single-platform\">\n\t\t\t\t\t\t\t<i class=\"fa-solid fa-b\"><\/i>\t\t\t\t\t\t<\/div>\n\t\t\t\t\t\t<div class=\"review-single-name\">\n\t\t\t\t\t\t\tHeinz\t\t\t\t\t\t<\/div>\n\t\t\t\t\t\t<div class=\"review-single-rate\">\n\t\t\t\t\t\t\t <i class=\"fas fa-star\"><\/i>  <i class=\"fas fa-star\"><\/i>  <i class=\"fas fa-star\"><\/i>  <i class=\"fas fa-star\"><\/i>  <i class=\"far fa-star\"><\/i> \t\t\t\t\t\t<\/div>\n\t\t\t\t\t<\/div>\n\t\t\t\t\t<div class=\"review-single-content\">\n\t\t\t\t\t\t<!-- wp:paragraph -->\n<p>Die Lage au\u00dferhalb von Abano Terme, am Waldrand, ist angenehm und ruhig. Die Kontaktaufnahme mit den Besitzern war unkompliziert in englischer Sprache. Fragen wurden sofort beantwortet. Die H\u00e4user sind sehr modern renoviert und attraktiv. Die Ausstattung der K\u00fcchenzeile k\u00f6nnte noch erweitert werden.Einfach sch\u00f6n!<\/p>\n<!-- \/wp:paragraph -->\t\t\t\t\t<\/div>\n\t\t\t\t<\/div>\n\t\t\t\t\t\t\t\t<div class=\"reviews-list-container-single\">\n\t\t\t\t\t<div class=\"review-single-info\">\n\t\t\t\t\t\t<div class=\"review-single-platform\">\n\t\t\t\t\t\t\t<i class=\"fa-solid fa-b\"><\/i>\t\t\t\t\t\t<\/div>\n\t\t\t\t\t\t<div class=\"review-single-name\">\n\t\t\t\t\t\t\tElisabetta\t\t\t\t\t\t<\/div>\n\t\t\t\t\t\t<div class=\"review-single-rate\">\n\t\t\t\t\t\t\t <i class=\"fas fa-star\"><\/i>  <i class=\"fas fa-star\"><\/i>  <i class=\"fas fa-star\"><\/i>  <i class=\"fas fa-star\"><\/i>  <i class=\"fas fa-star\"><\/i> \t\t\t\t\t\t<\/div>\n\t\t\t\t\t<\/div>\n\t\t\t\t\t<div class=\"review-single-content\">\n\t\t\t\t\t\t<!-- wp:paragraph -->\n<p>Fantastica piscina e piacevole relax sul patio davanti a casa. Casa pulitissima, parcheggio privato riparato dal sole, pace e tranquillit\u00e0 in una strada silenziosa in campagna ma vicina ad Abano terme, staff gentilissimo e comodo il check in automatico che ti permette di arrivare senza doverti far aspettare dal personale (viene tutto spigato via SMS e le chiavi si ritirano con dei codici).<\/p>\n<!-- \/wp:paragraph -->\t\t\t\t\t<\/div>\n\t\t\t\t<\/div>\n\t\t\t\t\t\t\t\t<div class=\"reviews-list-container-single\">\n\t\t\t\t\t<div class=\"review-single-info\">\n\t\t\t\t\t\t<div class=\"review-single-platform\">\n\t\t\t\t\t\t\t<i class=\"fa-solid fa-b\"><\/i>\t\t\t\t\t\t<\/div>\n\t\t\t\t\t\t<div class=\"review-single-name\">\n\t\t\t\t\t\t\tEmmanuele\t\t\t\t\t\t<\/div>\n\t\t\t\t\t\t<div class=\"review-single-rate\">\n\t\t\t\t\t\t\t <i class=\"fas fa-star\"><\/i>  <i class=\"fas fa-star\"><\/i>  <i class=\"fas fa-star\"><\/i>  <i class=\"fas fa-star\"><\/i>  <i class=\"fas fa-star\"><\/i> \t\t\t\t\t\t<\/div>\n\t\t\t\t\t<\/div>\n\t\t\t\t\t<div class=\"review-single-content\">\n\t\t\t\t\t\t<!-- wp:paragraph -->\n<p>Abbiamo scelto questa struttura per un week-end romantico ad agosto e siamo stati molto soddisfatti della nostra scelta. Abbiamo prenotato un appartamento al primo piano che si chiamava Zizolara (le camere hanno tutti nomi in dialetto Veneto, davvero originale!). Camera nuova, come tutta la struttura, pulita, luminosa, con ampi soffitti mansardati. Bagno elegante, spazioso con un suggestivo lucernaio vista stelle. Bellissima la portafinestra in cucina\/sala pranzo con vista sul verde! Prima dell\u2019arrivo ci sono arrivate tutte le informazioni per il check-in e accesso in camera che si pu\u00f2 fare con facilit\u00e0 in autonomia. In ogni caso lo staff \u00e8 sempre stato a disposizione per soddisfare le nostre richieste. Pozione immersa nel verde, ma a 2km dal centro di Abano Terme e ottima base per raggiungere le principali mete turistiche Venete. Ma quando hai un giardino privato e una piscina a disposizione chi si muove pi\u00f9?! Relax totale. Un arrivederci a presto!<\/p>\n<!-- \/wp:paragraph -->\t\t\t\t\t<\/div>\n\t\t\t\t<\/div>\n\t\t\t\t\t\t\t\t<div class=\"reviews-list-container-single\">\n\t\t\t\t\t<div class=\"review-single-info\">\n\t\t\t\t\t\t<div class=\"review-single-platform\">\n\t\t\t\t\t\t\t<i class=\"fa-solid fa-b\"><\/i>\t\t\t\t\t\t<\/div>\n\t\t\t\t\t\t<div class=\"review-single-name\">\n\t\t\t\t\t\t\tCristian\t\t\t\t\t\t<\/div>\n\t\t\t\t\t\t<div class=\"review-single-rate\">\n\t\t\t\t\t\t\t <i class=\"fas fa-star\"><\/i>  <i class=\"fas fa-star\"><\/i>  <i class=\"fas fa-star\"><\/i>  <i class=\"fas fa-star\"><\/i>  <i class=\"fas fa-star\"><\/i> \t\t\t\t\t\t<\/div>\n\t\t\t\t\t<\/div>\n\t\t\t\t\t<div class=\"review-single-content\">\n\t\t\t\t\t\t<!-- wp:paragraph -->\n<p>Esperienza pi\u00f9 che positiva perche' molto confortevoli e arredate con gusto le camere, ottima la pulizia della struttura sia nei luoghi comuni e sia nell'alloggio, stupenda la piscina, ottima l'organizzazione delle fasi di check-in e check-out. Infine un plauso va allo staff per l'attenzione al cliente e la sua discrezionalit\u00e0.<\/p>\n<!-- \/wp:paragraph -->\t\t\t\t\t<\/div>\n\t\t\t\t<\/div>\n\t\t\t\t\t\t\t\t<div class=\"reviews-list-container-single\">\n\t\t\t\t\t<div class=\"review-single-info\">\n\t\t\t\t\t\t<div class=\"review-single-platform\">\n\t\t\t\t\t\t\t<i class=\"fab fa-google\"><\/i>\t\t\t\t\t\t<\/div>\n\t\t\t\t\t\t<div class=\"review-single-name\">\n\t\t\t\t\t\t\tDorte\t\t\t\t\t\t<\/div>\n\t\t\t\t\t\t<div class=\"review-single-rate\">\n\t\t\t\t\t\t\t <i class=\"fas fa-star\"><\/i>  <i class=\"fas fa-star\"><\/i>  <i class=\"fas fa-star\"><\/i>  <i class=\"fas fa-star\"><\/i>  <i class=\"far fa-star\"><\/i> \t\t\t\t\t\t<\/div>\n\t\t\t\t\t<\/div>\n\t\t\t\t\t<div class=\"review-single-content\">\n\t\t\t\t\t\t<!-- wp:paragraph -->\n<p>Wundersch\u00f6ne Appartements in ruhiger Lage. Pool, Sitzgelegenheiten im Au\u00dfenbereich- es ist alles da. Alles neu, tolle Kommunikation mit Giulia. Sogar ein Wein zur Begr\u00fc\u00dfung stand bereit- eine sehr nette Geste. Wir wohnten unter dem Dach- ein App. mit 1 SZ - alles klimatisiert. Man braucht 45 Min mit dem Auto bis nach Mestre, von dort mit dem Zug f\u00fcr 1,35\u20ac nach Venedig. Besser geht es nicht. Wir kommen bestimmt wieder.<\/p>\n<!-- \/wp:paragraph -->\t\t\t\t\t<\/div>\n\t\t\t\t<\/div>\n\t\t\t\t\t\t\t\t<div class=\"reviews-list-container-single\">\n\t\t\t\t\t<div class=\"review-single-info\">\n\t\t\t\t\t\t<div class=\"review-single-platform\">\n\t\t\t\t\t\t\t<i class=\"fab fa-airbnb\"><\/i>\t\t\t\t\t\t<\/div>\n\t\t\t\t\t\t<div class=\"review-single-name\">\n\t\t\t\t\t\t\tLucas\t\t\t\t\t\t<\/div>\n\t\t\t\t\t\t<div class=\"review-single-rate\">\n\t\t\t\t\t\t\t <i class=\"fas fa-star\"><\/i>  <i class=\"fas fa-star\"><\/i>  <i class=\"fas fa-star\"><\/i>  <i class=\"fas fa-star\"><\/i>  <i class=\"fas fa-star\"><\/i> \t\t\t\t\t\t<\/div>\n\t\t\t\t\t<\/div>\n\t\t\t\t\t<div class=\"review-single-content\">\n\t\t\t\t\t\t<!-- wp:paragraph -->\n<p>The newly renovated place is just awesome. We enjoyed our stay, the large pool, the great location and of course, the Prosecco in the fridge that was waiting for us.<\/p>\n<!-- \/wp:paragraph -->\t\t\t\t\t<\/div>\n\t\t\t\t<\/div>\n\t\t\t\t\t\t\t\t<div class=\"reviews-list-container-single\">\n\t\t\t\t\t<div class=\"review-single-info\">\n\t\t\t\t\t\t<div class=\"review-single-platform\">\n\t\t\t\t\t\t\t<i class=\"fab fa-airbnb\"><\/i>\t\t\t\t\t\t<\/div>\n\t\t\t\t\t\t<div class=\"review-single-name\">\n\t\t\t\t\t\t\tMargriet\t\t\t\t\t\t<\/div>\n\t\t\t\t\t\t<div class=\"review-single-rate\">\n\t\t\t\t\t\t\t <i class=\"fas fa-star\"><\/i>  <i class=\"fas fa-star\"><\/i>  <i class=\"fas fa-star\"><\/i>  <i class=\"fas fa-star\"><\/i>  <i class=\"fas fa-star\"><\/i> \t\t\t\t\t\t<\/div>\n\t\t\t\t\t<\/div>\n\t\t\t\t\t<div class=\"review-single-content\">\n\t\t\t\t\t\t<!-- wp:paragraph -->\n<p>What a great stay in a nice region with lots' to see and do! The appartment had a reasonable size and was decorated very nicely. It was very clean and the communal seating, pool area and garden was beautifull. We loved the place and had a fantastic time there<\/p>\n<!-- \/wp:paragraph -->\t\t\t\t\t<\/div>\n\t\t\t\t<\/div>\n\t\t\t\t\t\t\t\t<div class=\"reviews-list-container-single\">\n\t\t\t\t\t<div class=\"review-single-info\">\n\t\t\t\t\t\t<div class=\"review-single-platform\">\n\t\t\t\t\t\t\t<i class=\"fab fa-airbnb\"><\/i>\t\t\t\t\t\t<\/div>\n\t\t\t\t\t\t<div class=\"review-single-name\">\n\t\t\t\t\t\t\tBraem\t\t\t\t\t\t<\/div>\n\t\t\t\t\t\t<div class=\"review-single-rate\">\n\t\t\t\t\t\t\t <i class=\"fas fa-star\"><\/i>  <i class=\"fas fa-star\"><\/i>  <i class=\"fas fa-star\"><\/i>  <i class=\"fas fa-star\"><\/i>  <i class=\"fas fa-star\"><\/i> \t\t\t\t\t\t<\/div>\n\t\t\t\t\t<\/div>\n\t\t\t\t\t<div class=\"review-single-content\">\n\t\t\t\t\t\t<!-- wp:paragraph -->\n<p>Staying in this domain is an experience to remember for a lifetime. Beautiful apartment that is very tastefully decorated where you immediately feel at home, the patio with the different terraces is super cozy, the pool is one of the best we have ever encountered on our vacations, the garden is beautifully landscaped and everything is very clean. Plenty of room to relax and recharge yourself. In short, the ideal place to have a fantastic time in the north of Italy from where you can easily take day trips to Verona, Venice and Padova. We will regularly think back to this holiday with a big smile on our face.&nbsp;<\/p>\n<!-- \/wp:paragraph -->\t\t\t\t\t<\/div>\n\t\t\t\t<\/div>\n\t\t\t\t\t\t\t\t<div class=\"reviews-list-container-single\">\n\t\t\t\t\t<div class=\"review-single-info\">\n\t\t\t\t\t\t<div class=\"review-single-platform\">\n\t\t\t\t\t\t\t<i class=\"fab fa-airbnb\"><\/i>\t\t\t\t\t\t<\/div>\n\t\t\t\t\t\t<div class=\"review-single-name\">\n\t\t\t\t\t\t\tDiana\t\t\t\t\t\t<\/div>\n\t\t\t\t\t\t<div class=\"review-single-rate\">\n\t\t\t\t\t\t\t <i class=\"fas fa-star\"><\/i>  <i class=\"fas fa-star\"><\/i>  <i class=\"fas fa-star\"><\/i>  <i class=\"fas fa-star\"><\/i>  <i class=\"fas fa-star\"><\/i> \t\t\t\t\t\t<\/div>\n\t\t\t\t\t<\/div>\n\t\t\t\t\t<div class=\"review-single-content\">\n\t\t\t\t\t\t<!-- wp:paragraph -->\n<p>Die Unterkunft ist wundersch\u00f6n, super sauber und der Service ist Weltklasse. Kann ich wirklich nur empfehlen!!!!<\/p>\n<!-- \/wp:paragraph -->\t\t\t\t\t<\/div>\n\t\t\t\t<\/div>\n\t\t\t\t\t\t\t\t<div class=\"reviews-list-container-single\">\n\t\t\t\t\t<div class=\"review-single-info\">\n\t\t\t\t\t\t<div class=\"review-single-platform\">\n\t\t\t\t\t\t\t<i class=\"fab fa-airbnb\"><\/i>\t\t\t\t\t\t<\/div>\n\t\t\t\t\t\t<div class=\"review-single-name\">\n\t\t\t\t\t\t\tRolf\t\t\t\t\t\t<\/div>\n\t\t\t\t\t\t<div class=\"review-single-rate\">\n\t\t\t\t\t\t\t <i class=\"fas fa-star\"><\/i>  <i class=\"fas fa-star\"><\/i>  <i class=\"fas fa-star\"><\/i>  <i class=\"fas fa-star\"><\/i>  <i class=\"fas fa-star\"><\/i> \t\t\t\t\t\t<\/div>\n\t\t\t\t\t<\/div>\n\t\t\t\t\t<div class=\"review-single-content\">\n\t\t\t\t\t\t<!-- wp:paragraph -->\n<p>Superb location: new inside, clean, well maintained, more then enough space and modern decorated. Nice swimming pool and good relaxing facilities State of the art communication. Proactive and clear. Nearby: cycling\/hiking activities (starting from home) great restaurants Venezia (45 min), Vicenza (40 min.) Verona (55 min) Great home and great hosts&nbsp;<\/p>\n<!-- \/wp:paragraph -->\t\t\t\t\t<\/div>\n\t\t\t\t<\/div>\n\t\t\t\t\t\t\t\t<div class=\"reviews-list-container-single\">\n\t\t\t\t\t<div class=\"review-single-info\">\n\t\t\t\t\t\t<div class=\"review-single-platform\">\n\t\t\t\t\t\t\t<i class=\"fab fa-google\"><\/i>\t\t\t\t\t\t<\/div>\n\t\t\t\t\t\t<div class=\"review-single-name\">\n\t\t\t\t\t\t\tHellen\t\t\t\t\t\t<\/div>\n\t\t\t\t\t\t<div class=\"review-single-rate\">\n\t\t\t\t\t\t\t <i class=\"fas fa-star\"><\/i>  <i class=\"fas fa-star\"><\/i>  <i class=\"fas fa-star\"><\/i>  <i class=\"fas fa-star\"><\/i>  <i class=\"fas fa-star\"><\/i> \t\t\t\t\t\t<\/div>\n\t\t\t\t\t<\/div>\n\t\t\t\t\t<div class=\"review-single-content\">\n\t\t\t\t\t\t<!-- wp:paragraph -->\n<p>Magnificent, Italian hospitality is simply the best! Greetings from The Netherlands.<\/p>\n<!-- \/wp:paragraph -->\t\t\t\t\t<\/div>\n\t\t\t\t<\/div>\n\t\t\t\t\t\t\t\t<div class=\"reviews-list-container-single\">\n\t\t\t\t\t<div class=\"review-single-info\">\n\t\t\t\t\t\t<div class=\"review-single-platform\">\n\t\t\t\t\t\t\t<i class=\"fab fa-google\"><\/i>\t\t\t\t\t\t<\/div>\n\t\t\t\t\t\t<div class=\"review-single-name\">\n\t\t\t\t\t\t\tThomas\t\t\t\t\t\t<\/div>\n\t\t\t\t\t\t<div class=\"review-single-rate\">\n\t\t\t\t\t\t\t <i class=\"fas fa-star\"><\/i>  <i class=\"fas fa-star\"><\/i>  <i class=\"fas fa-star\"><\/i>  <i class=\"fas fa-star\"><\/i>  <i class=\"fas fa-star\"><\/i> \t\t\t\t\t\t<\/div>\n\t\t\t\t\t<\/div>\n\t\t\t\t\t<div class=\"review-single-content\">\n\t\t\t\t\t\t<!-- wp:paragraph -->\n<p>Die (englischsprachige) Betreuung war super. Bereitwillig werden viele Tipps rund um den Urlaubsort oder f\u00fcr einen Abstecher nach Venedig gegeben. Auf Anregungen \/ Probleme wird sofort reagiert. Die Kommunikation lief auch \u00fcber Whatsapp, was sehr gut funktioniert hat. Die gesamte Anlage ist traumhaft, sehr gepflegt und modern. Sehr gutes WLAN. Die Apartments sind geschmackvoll und vergleichsweise hochwertig eingerichtet. Zur Begr\u00fc\u00dfung gab es Kleinigkeiten aus der Region (Oliven\u00f6l, Frizzante). Die Zufahrt zum Gel\u00e4nde und die T\u00fcren zu den Apartments sind sehr gut abgesichert. Wir haben uns und unsere Wertsachen sehr gut aufgehoben gef\u00fchlt.<\/p>\n<!-- \/wp:paragraph -->\t\t\t\t\t<\/div>\n\t\t\t\t<\/div>\n\t\t\t\t\t\t\t\t<div class=\"reviews-list-container-single\">\n\t\t\t\t\t<div class=\"review-single-info\">\n\t\t\t\t\t\t<div class=\"review-single-platform\">\n\t\t\t\t\t\t\t<i class=\"fab fa-google\"><\/i>\t\t\t\t\t\t<\/div>\n\t\t\t\t\t\t<div class=\"review-single-name\">\n\t\t\t\t\t\t\tBart\t\t\t\t\t\t<\/div>\n\t\t\t\t\t\t<div class=\"review-single-rate\">\n\t\t\t\t\t\t\t <i class=\"fas fa-star\"><\/i>  <i class=\"fas fa-star\"><\/i>  <i class=\"fas fa-star\"><\/i>  <i class=\"fas fa-star\"><\/i>  <i class=\"fas fa-star\"><\/i> \t\t\t\t\t\t<\/div>\n\t\t\t\t\t<\/div>\n\t\t\t\t\t<div class=\"review-single-content\">\n\t\t\t\t\t\t<!-- wp:paragraph -->\n<p>Just perfect: very nice hosts, perfect apartments, nice pool, perfect communication and very helpfull!<\/p>\n<!-- \/wp:paragraph -->\t\t\t\t\t<\/div>\n\t\t\t\t<\/div>\n\t\t\t\t\t\t\t\t<div class=\"reviews-list-container-single\">\n\t\t\t\t\t<div class=\"review-single-info\">\n\t\t\t\t\t\t<div class=\"review-single-platform\">\n\t\t\t\t\t\t\t<i class=\"fab fa-google\"><\/i>\t\t\t\t\t\t<\/div>\n\t\t\t\t\t\t<div class=\"review-single-name\">\n\t\t\t\t\t\t\tLauren\t\t\t\t\t\t<\/div>\n\t\t\t\t\t\t<div class=\"review-single-rate\">\n\t\t\t\t\t\t\t <i class=\"fas fa-star\"><\/i>  <i class=\"fas fa-star\"><\/i>  <i class=\"fas fa-star\"><\/i>  <i class=\"fas fa-star\"><\/i>  <i class=\"fas fa-star\"><\/i> \t\t\t\t\t\t<\/div>\n\t\t\t\t\t<\/div>\n\t\t\t\t\t<div class=\"review-single-content\">\n\t\t\t\t\t\t<!-- wp:paragraph -->\n<p>We were delighted by our stay in Casa Massaro. The house is beautiful, extremely nice architecture, the pool is one of the best we have experienced (temperature spot on, cool enough to get refreshed, warm enough to want to swim 10 times a day). The garden and surroundings are well maintained with lovely furniture. We stayed with 4 adults, we decided to rent an appartment with only one bedroom on the ground floor because we had a small dog with us. The sofabed was ok and we put the table outside so we could have breakfast under the nice patio every morning. Food shopping very close by and located in a calm spot near the wonderfull town of Padova. Gulia was a very friendly host who catered to our every need and gave some good advise on restaurants in the neighbourhood. To us, Casa Masaro is highly recommended!<\/p>\n<!-- \/wp:paragraph -->\t\t\t\t\t<\/div>\n\t\t\t\t<\/div>\n\t\t\t\t\t\t<\/div>\n\t\t\n\n<\/div>\n<\/div><\/div>","protected":false},"excerpt":{"rendered":"","protected":false},"author":2,"featured_media":0,"parent":0,"menu_order":0,"comment_status":"closed","ping_status":"closed","template":"","meta":{"_acf_changed":false,"advgb_blocks_editor_width":"","advgb_blocks_columns_visual_guide":"","footnotes":""},"class_list":["post-845","page","type-page","status-publish","hentry"],"acf":[],"yoast_head":"<!-- This site is optimized with the Yoast SEO plugin v26.0 - https:\/\/yoast.com\/wordpress\/plugins\/seo\/ -->\n<title>Recensioni - Casa Massaro Todeschini<\/title>\n<meta name=\"robots\" content=\"index, follow, max-snippet:-1, max-image-preview:large, max-video-preview:-1\" \/>\n<link rel=\"canonical\" href=\"https:\/\/www.casamassarotodeschini.it\/it\/recensioni\/\" \/>\n<meta property=\"og:locale\" content=\"it_IT\" \/>\n<meta property=\"og:type\" content=\"article\" \/>\n<meta property=\"og:title\" content=\"Recensioni - Casa Massaro Todeschini\" \/>\n<meta property=\"og:url\" content=\"https:\/\/www.casamassarotodeschini.it\/it\/recensioni\/\" \/>\n<meta property=\"og:site_name\" content=\"Casa Massaro Todeschini\" \/>\n<meta property=\"article:modified_time\" content=\"2022-03-21T10:06:29+00:00\" \/>\n<meta name=\"twitter:card\" content=\"summary_large_image\" \/>\n<meta name=\"twitter:label1\" content=\"Tempo di lettura stimato\" \/>\n\t<meta name=\"twitter:data1\" content=\"1 minuto\" \/>\n<script type=\"application\/ld+json\" class=\"yoast-schema-graph\">{\"@context\":\"https:\/\/schema.org\",\"@graph\":[{\"@type\":\"WebPage\",\"@id\":\"https:\/\/www.casamassarotodeschini.it\/it\/recensioni\/\",\"url\":\"https:\/\/www.casamassarotodeschini.it\/it\/recensioni\/\",\"name\":\"Recensioni - Casa Massaro Todeschini\",\"isPartOf\":{\"@id\":\"https:\/\/www.casamassarotodeschini.it\/it\/#website\"},\"datePublished\":\"2022-03-21T10:06:25+00:00\",\"dateModified\":\"2022-03-21T10:06:29+00:00\",\"breadcrumb\":{\"@id\":\"https:\/\/www.casamassarotodeschini.it\/it\/recensioni\/#breadcrumb\"},\"inLanguage\":\"it-IT\",\"potentialAction\":[{\"@type\":\"ReadAction\",\"target\":[\"https:\/\/www.casamassarotodeschini.it\/it\/recensioni\/\"]}]},{\"@type\":\"BreadcrumbList\",\"@id\":\"https:\/\/www.casamassarotodeschini.it\/it\/recensioni\/#breadcrumb\",\"itemListElement\":[{\"@type\":\"ListItem\",\"position\":1,\"name\":\"Home\",\"item\":\"https:\/\/www.casamassarotodeschini.it\/it\/\"},{\"@type\":\"ListItem\",\"position\":2,\"name\":\"Recensioni\"}]},{\"@type\":\"WebSite\",\"@id\":\"https:\/\/www.casamassarotodeschini.it\/it\/#website\",\"url\":\"https:\/\/www.casamassarotodeschini.it\/it\/\",\"name\":\"Casa Massaro Todeschini\",\"description\":\"Abano Terme\",\"publisher\":{\"@id\":\"https:\/\/www.casamassarotodeschini.it\/it\/#organization\"},\"potentialAction\":[{\"@type\":\"SearchAction\",\"target\":{\"@type\":\"EntryPoint\",\"urlTemplate\":\"https:\/\/www.casamassarotodeschini.it\/it\/?s={search_term_string}\"},\"query-input\":{\"@type\":\"PropertyValueSpecification\",\"valueRequired\":true,\"valueName\":\"search_term_string\"}}],\"inLanguage\":\"it-IT\"},{\"@type\":\"Organization\",\"@id\":\"https:\/\/www.casamassarotodeschini.it\/it\/#organization\",\"name\":\"Casa Massaro Todeschini\",\"url\":\"https:\/\/www.casamassarotodeschini.it\/it\/\",\"logo\":{\"@type\":\"ImageObject\",\"inLanguage\":\"it-IT\",\"@id\":\"https:\/\/www.casamassarotodeschini.it\/it\/#\/schema\/logo\/image\/\",\"url\":\"https:\/\/www.casamassarotodeschini.it\/wp-content\/uploads\/2020\/09\/Ca-Massaro-Todeschini-Logo.jpg\",\"contentUrl\":\"https:\/\/www.casamassarotodeschini.it\/wp-content\/uploads\/2020\/09\/Ca-Massaro-Todeschini-Logo.jpg\",\"width\":400,\"height\":349,\"caption\":\"Casa Massaro Todeschini\"},\"image\":{\"@id\":\"https:\/\/www.casamassarotodeschini.it\/it\/#\/schema\/logo\/image\/\"}}]}<\/script>\n<!-- \/ Yoast SEO plugin. -->","yoast_head_json":{"title":"Recensioni - Casa Massaro Todeschini","robots":{"index":"index","follow":"follow","max-snippet":"max-snippet:-1","max-image-preview":"max-image-preview:large","max-video-preview":"max-video-preview:-1"},"canonical":"https:\/\/www.casamassarotodeschini.it\/it\/recensioni\/","og_locale":"it_IT","og_type":"article","og_title":"Recensioni - Casa Massaro Todeschini","og_url":"https:\/\/www.casamassarotodeschini.it\/it\/recensioni\/","og_site_name":"Casa Massaro Todeschini","article_modified_time":"2022-03-21T10:06:29+00:00","twitter_card":"summary_large_image","twitter_misc":{"Tempo di lettura stimato":"1 minuto"},"schema":{"@context":"https:\/\/schema.org","@graph":[{"@type":"WebPage","@id":"https:\/\/www.casamassarotodeschini.it\/it\/recensioni\/","url":"https:\/\/www.casamassarotodeschini.it\/it\/recensioni\/","name":"Recensioni - Casa Massaro Todeschini","isPartOf":{"@id":"https:\/\/www.casamassarotodeschini.it\/it\/#website"},"datePublished":"2022-03-21T10:06:25+00:00","dateModified":"2022-03-21T10:06:29+00:00","breadcrumb":{"@id":"https:\/\/www.casamassarotodeschini.it\/it\/recensioni\/#breadcrumb"},"inLanguage":"it-IT","potentialAction":[{"@type":"ReadAction","target":["https:\/\/www.casamassarotodeschini.it\/it\/recensioni\/"]}]},{"@type":"BreadcrumbList","@id":"https:\/\/www.casamassarotodeschini.it\/it\/recensioni\/#breadcrumb","itemListElement":[{"@type":"ListItem","position":1,"name":"Home","item":"https:\/\/www.casamassarotodeschini.it\/it\/"},{"@type":"ListItem","position":2,"name":"Recensioni"}]},{"@type":"WebSite","@id":"https:\/\/www.casamassarotodeschini.it\/it\/#website","url":"https:\/\/www.casamassarotodeschini.it\/it\/","name":"Casa Massaro Todeschini","description":"Abano Terme","publisher":{"@id":"https:\/\/www.casamassarotodeschini.it\/it\/#organization"},"potentialAction":[{"@type":"SearchAction","target":{"@type":"EntryPoint","urlTemplate":"https:\/\/www.casamassarotodeschini.it\/it\/?s={search_term_string}"},"query-input":{"@type":"PropertyValueSpecification","valueRequired":true,"valueName":"search_term_string"}}],"inLanguage":"it-IT"},{"@type":"Organization","@id":"https:\/\/www.casamassarotodeschini.it\/it\/#organization","name":"Casa Massaro Todeschini","url":"https:\/\/www.casamassarotodeschini.it\/it\/","logo":{"@type":"ImageObject","inLanguage":"it-IT","@id":"https:\/\/www.casamassarotodeschini.it\/it\/#\/schema\/logo\/image\/","url":"https:\/\/www.casamassarotodeschini.it\/wp-content\/uploads\/2020\/09\/Ca-Massaro-Todeschini-Logo.jpg","contentUrl":"https:\/\/www.casamassarotodeschini.it\/wp-content\/uploads\/2020\/09\/Ca-Massaro-Todeschini-Logo.jpg","width":400,"height":349,"caption":"Casa Massaro Todeschini"},"image":{"@id":"https:\/\/www.casamassarotodeschini.it\/it\/#\/schema\/logo\/image\/"}}]}},"coauthors":[],"author_meta":{"author_link":"https:\/\/www.casamassarotodeschini.it\/it\/author\/pr0moserv\/","display_name":"T0deskini"},"relative_dates":{"created":"Pubblicato 4 anni fa","modified":"Aggiornato 4 anni fa"},"absolute_dates":{"created":"Pubblicato il 21 Marzo 2022","modified":"Aggiornato il 21 Marzo 2022"},"absolute_dates_time":{"created":"Pubblicato il 21 Marzo 2022 11:06","modified":"Aggiornato il 21 Marzo 2022 11:06"},"featured_img_caption":"","featured_img":false,"series_order":"","_links":{"self":[{"href":"https:\/\/www.casamassarotodeschini.it\/it\/wp-json\/wp\/v2\/pages\/845","targetHints":{"allow":["GET"]}}],"collection":[{"href":"https:\/\/www.casamassarotodeschini.it\/it\/wp-json\/wp\/v2\/pages"}],"about":[{"href":"https:\/\/www.casamassarotodeschini.it\/it\/wp-json\/wp\/v2\/types\/page"}],"author":[{"embeddable":true,"href":"https:\/\/www.casamassarotodeschini.it\/it\/wp-json\/wp\/v2\/users\/2"}],"replies":[{"embeddable":true,"href":"https:\/\/www.casamassarotodeschini.it\/it\/wp-json\/wp\/v2\/comments?post=845"}],"version-history":[{"count":0,"href":"https:\/\/www.casamassarotodeschini.it\/it\/wp-json\/wp\/v2\/pages\/845\/revisions"}],"wp:attachment":[{"href":"https:\/\/www.casamassarotodeschini.it\/it\/wp-json\/wp\/v2\/media?parent=845"}],"curies":[{"name":"wp","href":"https:\/\/api.w.org\/{rel}","templated":true}]}}